{"id":26,"date":"2024-09-24T18:17:28","date_gmt":"2024-09-24T16:17:28","guid":{"rendered":"https:\/\/training.asciiparait.fr\/?page_id=26"},"modified":"2024-09-24T18:51:43","modified_gmt":"2024-09-24T16:51:43","slug":"formations","status":"publish","type":"page","link":"https:\/\/training.asciiparait.fr\/index.php\/formations\/","title":{"rendered":"FORMATIONS"},"content":{"rendered":"\n<div class=\"wp-block-group alignfull has-global-padding is-content-justification-center is-layout-constrained wp-container-core-group-is-layout-db81d6e5 wp-block-group-is-layout-constrained\" style=\"padding-top:var(--wp--preset--spacing--10);padding-right:var(--wp--preset--spacing--50);padding-bottom:var(--wp--preset--spacing--10);padding-left:var(--wp--preset--spacing--50)\">\n<div class=\"wp-block-group has-global-padding is-layout-constrained wp-container-core-group-is-layout-650790e1 wp-block-group-is-layout-constrained\">\n<p class=\"has-text-align-center\"><strong>Si vous ne trouvez pas le th\u00e8me correspondant \u00e0 votre recherche, merci de nous contacter.<\/strong><\/p>\n\n\n\n<div style=\"height:1.25rem\" aria-hidden=\"true\" class=\"wp-block-spacer\"><\/div>\n<\/div>\n\n\n\n<div style=\"height:var(--wp--preset--spacing--30)\" aria-hidden=\"true\" class=\"wp-block-spacer\"><\/div>\n<\/div>\n\n\n\n<div class=\"wp-block-group alignfull has-base-2-background-color has-background has-global-padding is-layout-constrained wp-container-core-group-is-layout-669513ed wp-block-group-is-layout-constrained\" style=\"margin-top:0;margin-bottom:0;padding-top:var(--wp--preset--spacing--50);padding-right:var(--wp--preset--spacing--50);padding-bottom:var(--wp--preset--spacing--50);padding-left:var(--wp--preset--spacing--50)\">\n<div class=\"wp-block-group is-vertical is-content-justification-center is-layout-flex wp-container-core-group-is-layout-52b864f0 wp-block-group-is-layout-flex\">\n<h2 class=\"wp-block-heading has-text-align-center is-style-asterisk\">GESTION D&rsquo;EQUIPE<\/h2>\n\n\n\n<div style=\"height:0px\" aria-hidden=\"true\" class=\"wp-block-spacer wp-container-content-4f2ccadb\"><\/div>\n\n\n\n<p class=\"has-text-align-center\">Objectifs<\/p>\n<\/div>\n\n\n\n<div style=\"margin-top:0;margin-bottom:0;height:15px\" aria-hidden=\"true\" class=\"wp-block-spacer\"><\/div>\n\n\n\n<div class=\"wp-block-columns alignwide is-layout-flex wp-container-core-columns-is-layout-d0bbbce0 wp-block-columns-is-layout-flex\">\n<div class=\"wp-block-column is-layout-flow wp-container-core-column-is-layout-e3d1c41b wp-block-column-is-layout-flow\">\n<h3 class=\"wp-block-heading has-text-align-left is-style-asterisk has-body-font-family has-medium-font-size\" style=\"font-style:normal;font-weight:600\"><\/h3>\n\n\n\n<ul class=\"wp-block-list\">\n<li>Clarifier et d\u00e9finir son nouveau r\u00f4le et les missions qui en d\u00e9coulent<\/li>\n<\/ul>\n<\/div>\n\n\n\n<div class=\"wp-block-column is-layout-flow wp-container-core-column-is-layout-e3d1c41b wp-block-column-is-layout-flow\">\n<h3 class=\"wp-block-heading has-text-align-left is-style-asterisk has-body-font-family has-medium-font-size\" style=\"font-style:normal;font-weight:600\"><\/h3>\n\n\n\n<ul class=\"wp-block-list\">\n<li>Savoir d\u00e9terminer des objectifs<\/li>\n<\/ul>\n<\/div>\n\n\n\n<div class=\"wp-block-column is-layout-flow wp-container-core-column-is-layout-e3d1c41b wp-block-column-is-layout-flow\">\n<h3 class=\"wp-block-heading has-text-align-left is-style-asterisk has-body-font-family has-medium-font-size\" style=\"font-style:normal;font-weight:600\"><\/h3>\n\n\n\n<ul class=\"wp-block-list\">\n<li>Savoir recadrer, f\u00e9d\u00e9rer, motiver et dynamiser une \u00e9quipe<\/li>\n<\/ul>\n<\/div>\n<\/div>\n\n\n\n<div style=\"height:var(--wp--preset--spacing--20)\" aria-hidden=\"true\" class=\"wp-block-spacer\"><\/div>\n\n\n\n<div class=\"wp-block-columns alignwide is-layout-flex wp-container-core-columns-is-layout-d0bbbce0 wp-block-columns-is-layout-flex\">\n<div class=\"wp-block-column is-layout-flow wp-container-core-column-is-layout-e3d1c41b wp-block-column-is-layout-flow\">\n<h3 class=\"wp-block-heading has-text-align-left is-style-asterisk has-body-font-family has-medium-font-size\" style=\"font-style:normal;font-weight:600\"><\/h3>\n\n\n\n<ul class=\"wp-block-list\">\n<li>Am\u00e9liorer la communication positive avec les collaborateurs et les autres personnes impliqu\u00e9es dans les relations de travail<\/li>\n<\/ul>\n<\/div>\n\n\n\n<div class=\"wp-block-column is-layout-flow wp-container-core-column-is-layout-e3d1c41b wp-block-column-is-layout-flow\">\n<h3 class=\"wp-block-heading has-text-align-left is-style-asterisk has-body-font-family has-medium-font-size\" style=\"font-style:normal;font-weight:600\"><\/h3>\n\n\n\n<ul class=\"wp-block-list\">\n<li>Savoir g\u00e9rer les r\u00e9actions de ses interlocuteurs et apprendre \u00e0 donner une critique de fa\u00e7on bienveillante et constructive<\/li>\n<\/ul>\n<\/div>\n\n\n\n<div class=\"wp-block-column is-layout-flow wp-container-core-column-is-layout-e3d1c41b wp-block-column-is-layout-flow\">\n<h3 class=\"wp-block-heading has-text-align-left is-style-asterisk has-body-font-family has-medium-font-size\" style=\"font-style:normal;font-weight:600\"><\/h3>\n\n\n\n<ul class=\"wp-block-list\">\n<li>G\u00e9rer un conflit<\/li>\n<\/ul>\n<\/div>\n<\/div>\n<\/div>\n\n\n\n<div class=\"wp-block-group alignfull has-global-padding is-layout-constrained wp-container-core-group-is-layout-d89aad35 wp-block-group-is-layout-constrained\" style=\"margin-top:0;margin-bottom:0;padding-top:var(--wp--preset--spacing--50);padding-right:var(--wp--preset--spacing--50);padding-bottom:var(--wp--preset--spacing--50);padding-left:var(--wp--preset--spacing--50)\">\n<div class=\"wp-block-group alignwide has-global-padding is-layout-constrained wp-container-core-group-is-layout-19e250f3 wp-block-group-is-layout-constrained\">\n<div class=\"wp-block-columns alignwide is-layout-flex wp-container-core-columns-is-layout-d1c656ed wp-block-columns-is-layout-flex\">\n<div class=\"wp-block-column is-vertically-aligned-center is-layout-flow wp-block-column-is-layout-flow\" style=\"flex-basis:40%\">\n<p><strong>Formation intra-\u00e9tablissement ou intra\/inter \u00e9tablissement<\/strong><\/p>\n\n\n\n<p><strong>Intervenant : Sp\u00e9cialis\u00e9 dans le th\u00e8me<\/strong><\/p>\n\n\n\n<p><strong>Programme sur demande : Didier GUIBBAUD<\/strong><\/p>\n\n\n\n<p><strong>06 99 18 09 84 &#8211; <\/strong><a href=\"mailto:dguibbaud@training-ns.com\"><strong>dguibbaud@training-ns.com<\/strong><\/a><\/p>\n<\/div>\n\n\n\n<div class=\"wp-block-column is-layout-flow wp-block-column-is-layout-flow\" style=\"flex-basis:50%\">\n<figure class=\"wp-block-image aligncenter size-full is-resized is-style-rounded is-style-rounded--1\"><img loading=\"lazy\" decoding=\"async\" width=\"724\" height=\"1280\" src=\"http:\/\/training.asciiparait.fr\/wp-content\/uploads\/2024\/09\/books-8939599_1280.jpg\" alt=\"\" class=\"wp-image-14\" style=\"width:200px;height:auto\"\/><\/figure>\n<\/div>\n<\/div>\n\n\n\n<div style=\"height:var(--wp--preset--spacing--40)\" aria-hidden=\"true\" class=\"wp-block-spacer\"><\/div>\n<\/div>\n<\/div>\n\n\n\n<p><\/p>\n","protected":false},"excerpt":{"rendered":"<p>Si vous ne trouvez pas le th\u00e8me correspondant \u00e0 votre recherche, merci de nous contacter. GESTION D&rsquo;EQUIPE Objectifs Formation intra-\u00e9tablissement ou intra\/inter \u00e9tablissement Intervenant : Sp\u00e9cialis\u00e9 dans le th\u00e8me Programme sur demande : Didier GUIBBAUD 06 99 18 09 84 &#8211; dguibbaud@training-ns.com<\/p>\n","protected":false},"author":1,"featured_media":0,"parent":0,"menu_order":0,"comment_status":"closed","ping_status":"closed","template":"","meta":{"footnotes":""},"class_list":["post-26","page","type-page","status-publish","hentry"],"_links":{"self":[{"href":"https:\/\/training.asciiparait.fr\/index.php\/wp-json\/wp\/v2\/pages\/26","targetHints":{"allow":["GET"]}}],"collection":[{"href":"https:\/\/training.asciiparait.fr\/index.php\/wp-json\/wp\/v2\/pages"}],"about":[{"href":"https:\/\/training.asciiparait.fr\/index.php\/wp-json\/wp\/v2\/types\/page"}],"author":[{"embeddable":true,"href":"https:\/\/training.asciiparait.fr\/index.php\/wp-json\/wp\/v2\/users\/1"}],"replies":[{"embeddable":true,"href":"https:\/\/training.asciiparait.fr\/index.php\/wp-json\/wp\/v2\/comments?post=26"}],"version-history":[{"count":13,"href":"https:\/\/training.asciiparait.fr\/index.php\/wp-json\/wp\/v2\/pages\/26\/revisions"}],"predecessor-version":[{"id":55,"href":"https:\/\/training.asciiparait.fr\/index.php\/wp-json\/wp\/v2\/pages\/26\/revisions\/55"}],"wp:attachment":[{"href":"https:\/\/training.asciiparait.fr\/index.php\/wp-json\/wp\/v2\/media?parent=26"}],"curies":[{"name":"wp","href":"https:\/\/api.w.org\/{rel}","templated":true}]}}