{"id":11,"date":"2024-09-24T17:15:26","date_gmt":"2024-09-24T15:15:26","guid":{"rendered":"https:\/\/training.asciiparait.fr\/?page_id=11"},"modified":"2024-09-24T21:54:32","modified_gmt":"2024-09-24T19:54:32","slug":"training","status":"publish","type":"page","link":"https:\/\/training.asciiparait.fr\/","title":{"rendered":"ACCEUIL"},"content":{"rendered":"\n<div class=\"wp-block-group alignfull has-global-padding is-layout-constrained wp-container-core-group-is-layout-490fa1db wp-block-group-is-layout-constrained\" style=\"padding-top:var(--wp--preset--spacing--50);padding-right:var(--wp--preset--spacing--50);padding-bottom:var(--wp--preset--spacing--50);padding-left:var(--wp--preset--spacing--50)\">\n<div class=\"wp-block-group has-global-padding is-layout-constrained wp-container-core-group-is-layout-650790e1 wp-block-group-is-layout-constrained\">\n<h1 class=\"wp-block-heading has-text-align-center has-x-large-font-size\">Outil de d\u00e9veloppement des comp\u00e9tences professionnelles<\/h1>\n\n\n\n<div style=\"height:1.25rem\" aria-hidden=\"true\" class=\"wp-block-spacer\"><\/div>\n\n\n\n<p class=\"has-text-align-center\"><strong>Formation continue<\/strong><\/p>\n\n\n\n<div style=\"height:1.25rem\" aria-hidden=\"true\" class=\"wp-block-spacer\"><\/div>\n<\/div>\n\n\n\n<div style=\"height:var(--wp--preset--spacing--30)\" aria-hidden=\"true\" class=\"wp-block-spacer\"><\/div>\n\n\n\n<figure class=\"wp-block-image alignwide size-full is-style-rounded is-style-rounded--1\"><img loading=\"lazy\" decoding=\"async\" width=\"1280\" height=\"570\" src=\"http:\/\/training.asciiparait.fr\/wp-content\/uploads\/2024\/09\/training-1848689_1280.jpg\" alt=\"\" class=\"wp-image-20\"\/><\/figure>\n<\/div>\n\n\n\n<div class=\"wp-block-group alignfull has-base-2-background-color has-background has-global-padding is-layout-constrained wp-container-core-group-is-layout-669513ed wp-block-group-is-layout-constrained\" style=\"margin-top:0;margin-bottom:0;padding-top:var(--wp--preset--spacing--50);padding-right:var(--wp--preset--spacing--50);padding-bottom:var(--wp--preset--spacing--50);padding-left:var(--wp--preset--spacing--50)\">\n<h2 class=\"wp-block-heading has-text-align-center is-style-asterisk\">L&rsquo;ORGANISME<\/h2>\n\n\n\n<div class=\"wp-block-group is-vertical is-content-justification-center is-layout-flex wp-container-core-group-is-layout-52b864f0 wp-block-group-is-layout-flex\">\n<div style=\"height:0px\" aria-hidden=\"true\" class=\"wp-block-spacer wp-container-content-4f2ccadb\"><\/div>\n\n\n\n<p class=\"has-text-align-center\"><strong>TRAINING<\/strong> cr\u00e9e par Didier GUIBBAUD est un organisme d\u00e9di\u00e9 \u00e0 la formation continue.<\/p>\n\n\n\n<p>Le m\u00e9tier de la formation est plus qu\u2019une simple transmission de savoirs, c\u2019est plus que de seulement apprendre \u00e0 des personnes \u00e0 savoir ex\u00e9cuter une t\u00e2che, quelle que soit cette t\u00e2che.<\/p>\n\n\n\n<p>Former c\u2019est donner \u00e0 l\u2019apprenti le savoir et surtout les conditions de sa bonne r\u00e9alisation. La formation, bien r\u00e9alis\u00e9e, permet \u00e0 l\u2019individu d\u2019\u00eatre en capacit\u00e9 de r\u00e9aliser ses missions avec les cl\u00e9s n\u00e9cessaires pour l\u2019accompagner par sa propre r\u00e9alisation. C\u2019est la diff\u00e9rence entre le m\u00e9tier de transmettre et l\u2019art de transmettre.<\/p>\n\n\n\n<p>En plus de bien conna\u00eetre son sujet, le formateur est un enseignant qui transmet non seulement son savoir mais aussi son savoir-\u00eatre.<\/p>\n\n\n\n<p class=\"has-text-align-center\">C\u2019est dans cette nouvelle d\u00e9finition de la formation que Didier GUIBBAUD a voulu transmettre son patrimoine, \u00e0 la fois son savoir, ses connaissances et ses comp\u00e9tences et aussi son exp\u00e9rience qui constitue aujourd\u2019hui la connaissance qu\u2019il a acquise au cours de ses nombreuses ann\u00e9es en tant que responsable de cycles de formations.<\/p>\n<\/div>\n<\/div>\n\n\n\n<div class=\"wp-block-group alignfull has-global-padding is-layout-constrained wp-container-core-group-is-layout-d89aad35 wp-block-group-is-layout-constrained\" style=\"margin-top:0;margin-bottom:0;padding-top:var(--wp--preset--spacing--50);padding-right:var(--wp--preset--spacing--50);padding-bottom:var(--wp--preset--spacing--50);padding-left:var(--wp--preset--spacing--50)\">\n<div class=\"wp-block-group alignwide has-global-padding is-layout-constrained wp-container-core-group-is-layout-19e250f3 wp-block-group-is-layout-constrained\">\n<div class=\"wp-block-group is-vertical is-content-justification-center is-layout-flex wp-container-core-group-is-layout-6329a8f3 wp-block-group-is-layout-flex\">\n<h2 class=\"wp-block-heading has-text-align-center is-style-asterisk\">NOTRE MISSION<\/h2>\n\n\n\n<p class=\"has-text-align-center\">Promouvoir la formation professionnelle comme un facteur du d\u00e9veloppement des comp\u00e9tences en proposant des actions de formation qui associent l\u2019\u00e9valuation des pratiques professionnelles, et une prise en compte du bien-\u00eatre.<\/p>\n<\/div>\n\n\n\n<div style=\"height:var(--wp--preset--spacing--40)\" aria-hidden=\"true\" class=\"wp-block-spacer\"><\/div>\n\n\n\n<div class=\"wp-block-columns alignwide is-layout-flex wp-container-core-columns-is-layout-d1c656ed wp-block-columns-is-layout-flex\">\n<div class=\"wp-block-column is-vertically-aligned-center is-layout-flow wp-block-column-is-layout-flow\" style=\"flex-basis:40%\">\n<h3 class=\"wp-block-heading is-style-asterisk\">TRAINING d\u00e9veloppe son savoir dans 3 domaines compl\u00e9mentaires&nbsp;:<\/h3>\n\n\n\n<ul style=\"line-height:1.75\" class=\"wp-block-list is-style-checkmark-list\">\n<li>Savoir-\u00eatre avec soi-m\u00eame&nbsp;:<br>le bien-\u00eatre individuel au travail en intervenant notamment sur les sujets de management, de gestion d\u2019\u00e9quipe et de leadership.<\/li>\n\n\n\n<li>Savoir-\u00eatre avec les autres&nbsp;:<br>le bien-\u00eatre collectif au travail en intervenant notamment sur la question de la la\u00efcit\u00e9, de travail ensemble, de comportement.<\/li>\n\n\n\n<li>Savoir-\u00eatre dans son environnement&nbsp;:<br>le d\u00e9veloppement durable&nbsp;en intervenant notamment sur les sujets de RSE comme l\u2019anti-gaspillage, le recyclage, le d\u00e9veloppement durable, l\u2019\u00e9conomie circulaire<\/li>\n<\/ul>\n<\/div>\n\n\n\n<div class=\"wp-block-column is-vertically-aligned-center is-layout-flow wp-block-column-is-layout-flow\" style=\"flex-basis:50%\">\n<figure class=\"wp-block-image size-full is-resized is-style-rounded is-style-rounded--2\"><img loading=\"lazy\" decoding=\"async\" width=\"931\" height=\"516\" src=\"http:\/\/training.asciiparait.fr\/wp-content\/uploads\/2024\/09\/missions-2.jpg\" alt=\"\" class=\"wp-image-18\" style=\"width:615px;height:auto\"\/><\/figure>\n<\/div>\n<\/div>\n\n\n\n<div style=\"height:var(--wp--preset--spacing--40)\" aria-hidden=\"true\" class=\"wp-block-spacer\"><\/div>\n\n\n\n<div class=\"wp-block-columns alignwide is-layout-flex wp-container-core-columns-is-layout-d1c656ed wp-block-columns-is-layout-flex\">\n<div class=\"wp-block-column is-layout-flow wp-block-column-is-layout-flow\" style=\"flex-basis:50%\">\n<figure class=\"wp-block-image aligncenter size-full is-resized is-style-rounded is-style-rounded--3\"><img loading=\"lazy\" decoding=\"async\" width=\"690\" height=\"552\" src=\"http:\/\/training.asciiparait.fr\/wp-content\/uploads\/2024\/09\/expertise.jpg\" alt=\"\" class=\"wp-image-17\" style=\"width:462px;height:auto\"\/><\/figure>\n<\/div>\n\n\n\n<div class=\"wp-block-column is-vertically-aligned-center is-layout-flow wp-block-column-is-layout-flow\" style=\"flex-basis:40%\">\n<h3 class=\"wp-block-heading is-style-asterisk\">NOTRE EXPERTISE<\/h3>\n\n\n\n<ul style=\"line-height:1.75\" class=\"wp-block-list is-style-checkmark-list\">\n<li>Une expertise reconnue depuis 1986 au sein de l\u2019activit\u00e9 de formation<\/li>\n\n\n\n<li>Une passion et une connaissance du m\u00e9tier de formateur<\/li>\n\n\n\n<li>D\u00e9veloppement des comp\u00e9tences individuelles et collectives des professionnels<\/li>\n<\/ul>\n<\/div>\n<\/div>\n\n\n\n<div style=\"height:var(--wp--preset--spacing--40)\" aria-hidden=\"true\" class=\"wp-block-spacer\"><\/div>\n\n\n\n<div class=\"wp-block-columns alignwide is-layout-flex wp-container-core-columns-is-layout-d1c656ed wp-block-columns-is-layout-flex\">\n<div class=\"wp-block-column is-vertically-aligned-center is-layout-flow wp-block-column-is-layout-flow\" style=\"flex-basis:40%\">\n<h3 class=\"wp-block-heading is-style-asterisk\">LES FORMATRICES\/TEURS<\/h3>\n\n\n\n<p class=\"is-style-checkmark-list\">Un r\u00e9seau de formatrices\/teurs exp\u00e9riment\u00e9\u2219es dans leurs domaines avec des intervenants toujours pr\u00e9sents depuis plusieurs ann\u00e9es aux c\u00f4t\u00e9s de Didier GUIBBAUD et des nouveaux arriv\u00e9s venant rejoindre une \u00e9quipe constitu\u00e9e de personnes qualifi\u00e9es.<\/p>\n<\/div>\n\n\n\n<div class=\"wp-block-column is-vertically-aligned-center is-layout-flow wp-block-column-is-layout-flow\" style=\"flex-basis:50%\">\n<figure class=\"wp-block-image alignright size-full is-resized is-style-rounded is-style-rounded--4\"><img loading=\"lazy\" decoding=\"async\" width=\"1920\" height=\"1280\" src=\"http:\/\/training.asciiparait.fr\/wp-content\/uploads\/2024\/09\/dyslexia-3014152_1920.jpg\" alt=\"\" class=\"wp-image-15\" style=\"width:562px;height:auto\"\/><\/figure>\n<\/div>\n<\/div>\n\n\n\n<div style=\"height:var(--wp--preset--spacing--40)\" aria-hidden=\"true\" class=\"wp-block-spacer\"><\/div>\n\n\n\n<div class=\"wp-block-columns alignwide is-layout-flex wp-container-core-columns-is-layout-d1c656ed wp-block-columns-is-layout-flex\">\n<div class=\"wp-block-column is-layout-flow wp-block-column-is-layout-flow\" style=\"flex-basis:50%\">\n<figure class=\"wp-block-image aligncenter size-full is-resized is-style-rounded is-style-rounded--5\"><img loading=\"lazy\" decoding=\"async\" width=\"1000\" height=\"750\" src=\"http:\/\/training.asciiparait.fr\/wp-content\/uploads\/2024\/09\/engagement.png\" alt=\"\" class=\"wp-image-16\" style=\"width:604px;height:auto\"\/><\/figure>\n<\/div>\n\n\n\n<div class=\"wp-block-column is-vertically-aligned-center is-layout-flow wp-block-column-is-layout-flow\" style=\"flex-basis:40%\">\n<h3 class=\"wp-block-heading is-style-asterisk\">NOTRE ENGAGEMENT<\/h3>\n\n\n\n<ul style=\"line-height:1.75\" class=\"wp-block-list is-style-checkmark-list\">\n<li>R\u00e9pondre \u00e0 vos attentes qu\u2019elles soient strat\u00e9giques ou organisationnelles.<\/li>\n\n\n\n<li>Respecter la confidentialit\u00e9 des informations recueillies au cours de nos missions.<\/li>\n\n\n\n<li>Assurer des formations op\u00e9rationnelles et pratiques transf\u00e9rables imm\u00e9diatement apr\u00e8s la formation.<\/li>\n\n\n\n<li>Vous proposer des formatrices\/teurs exp\u00e9riment\u00e9\u2219es dans leurs domaines.<\/li>\n<\/ul>\n<\/div>\n<\/div>\n<\/div>\n<\/div>\n\n\n\n<p><\/p>\n","protected":false},"excerpt":{"rendered":"<p>Outil de d\u00e9veloppement des comp\u00e9tences professionnelles Formation continue L&rsquo;ORGANISME TRAINING cr\u00e9e par Didier GUIBBAUD est un organisme d\u00e9di\u00e9 \u00e0 la formation continue. Le m\u00e9tier de la formation est plus qu\u2019une simple transmission de savoirs, c\u2019est plus que de seulement apprendre \u00e0 des personnes \u00e0 savoir ex\u00e9cuter une t\u00e2che, quelle que soit cette t\u00e2che. Former c\u2019est [&hellip;]<\/p>\n","protected":false},"author":1,"featured_media":45,"parent":0,"menu_order":0,"comment_status":"closed","ping_status":"closed","template":"","meta":{"footnotes":""},"class_list":["post-11","page","type-page","status-publish","has-post-thumbnail","hentry"],"_links":{"self":[{"href":"https:\/\/training.asciiparait.fr\/index.php\/wp-json\/wp\/v2\/pages\/11","targetHints":{"allow":["GET"]}}],"collection":[{"href":"https:\/\/training.asciiparait.fr\/index.php\/wp-json\/wp\/v2\/pages"}],"about":[{"href":"https:\/\/training.asciiparait.fr\/index.php\/wp-json\/wp\/v2\/types\/page"}],"author":[{"embeddable":true,"href":"https:\/\/training.asciiparait.fr\/index.php\/wp-json\/wp\/v2\/users\/1"}],"replies":[{"embeddable":true,"href":"https:\/\/training.asciiparait.fr\/index.php\/wp-json\/wp\/v2\/comments?post=11"}],"version-history":[{"count":8,"href":"https:\/\/training.asciiparait.fr\/index.php\/wp-json\/wp\/v2\/pages\/11\/revisions"}],"predecessor-version":[{"id":54,"href":"https:\/\/training.asciiparait.fr\/index.php\/wp-json\/wp\/v2\/pages\/11\/revisions\/54"}],"wp:featuredmedia":[{"embeddable":true,"href":"https:\/\/training.asciiparait.fr\/index.php\/wp-json\/wp\/v2\/media\/45"}],"wp:attachment":[{"href":"https:\/\/training.asciiparait.fr\/index.php\/wp-json\/wp\/v2\/media?parent=11"}],"curies":[{"name":"wp","href":"https:\/\/api.w.org\/{rel}","templated":true}]}}